{"id":112,"date":"2019-01-26T18:27:07","date_gmt":"2019-01-26T18:27:07","guid":{"rendered":"https:\/\/baiedurfe.ca\/?page_id=112"},"modified":"2025-10-04T12:49:21","modified_gmt":"2025-10-04T16:49:21","slug":"apropos-de-nous","status":"publish","type":"page","link":"https:\/\/baiedurfe.ca\/fr\/apropos-de-nous\/","title":{"rendered":"\u00c0 propos de nous"},"content":{"rendered":"<p>[et_pb_section fb_built=\u00a0\u00bb1&Prime; _builder_version=\u00a0\u00bb4.16&Prime; global_colors_info=\u00a0\u00bb{}\u00a0\u00bb][et_pb_row _builder_version=\u00a0\u00bb4.16&Prime; global_colors_info=\u00a0\u00bb{}\u00a0\u00bb][et_pb_column type=\u00a0\u00bb4_4&Prime; _builder_version=\u00a0\u00bb4.16&Prime; global_colors_info=\u00a0\u00bb{}\u00a0\u00bb][et_pb_text _builder_version=\u00a0\u00bb4.27.4&Prime; hover_enabled=\u00a0\u00bb0&Prime; global_colors_info=\u00a0\u00bb{}\u00a0\u00bb sticky_enabled=\u00a0\u00bb0&Prime;]<\/p>\n<h2>Bienvenue au site internet de \u00a0l\u2019Association des R\u00e9sidents de Baie-D\u2019Urf\u00e9.<\/h2>\n<p>L\u2019Association des R\u00e9sidents de Baie-D\u2019Urf\u00e9 fut cr\u00e9\u00e9e en 1947 et incorpor\u00e9e en 1960 pour renforcer et promouvoir parmi les r\u00e9sidents de la ville de Baie-D\u2019Urf\u00e9 leur esprit civique et encourager leurs diff\u00e9rents loisirs communautaires et leurs int\u00e9r\u00eats culturels.<\/p>\n<p>Notre Association est un forum public qui encourage l\u2019engagement et le sentiment d\u2019appartenance des r\u00e9sidents de Baie-D\u2019Urf\u00e9 cr\u00e9ant \u00a0ainsi un environnement social civilis\u00e9. Nous collaborons avec le Conseil municipal et avec toute autre organisation locale qui, comme nous, s\u2019occupe de promouvoir les int\u00e9r\u00eats et le bien-\u00eatre de la communit\u00e9. L\u2019Association des R\u00e9sidents de Baie-D\u2019Urf\u00e9 organise des loisirs et des \u00e9v\u00e8nements sociaux pour les r\u00e9sidents de notre ville.\u00a0 Elle s\u2019occupe aussi de la publication de deux p\u00e9riodiques pour les r\u00e9sidents et les entreprises de Baie-D\u2019Urf\u00e9\u00a0: le magazine mensuel Entre-Nous\/News &amp; Views\u00a0 et le Bottin t\u00e9l\u00e9phonique municipal.\u00a0 De plus, l\u2019Association g\u00e8re les prix Nancy Friedman Youth Citizenship, pr\u00e9sent\u00e9s chaque ann\u00e9e aux finissants de nos trois \u00e9coles \u00e9l\u00e9mentaires.<\/p>\n<ul>\n<li>Baie-D\u2019Urf\u00e9 est une banlieue situ\u00e9e \u00e0 l\u2019ouest de\u00a0 Montr\u00e9al, au Qu\u00e9bec, Canada.<\/li>\n<li>Notre association de b\u00e9n\u00e9voles fut cr\u00e9\u00e9e en 1947 par un petit groupe de r\u00e9sidents \u00e0 l\u2019esprit civique qui voulaient susciter et maintenir parmi\u00a0 les membres\u00a0 de leur communaut\u00e9 un int\u00e9r\u00eat dans les affaires de leur ville, en renfor\u00e7ant leur sens d\u2019appartenance \u00e0 la ville et en d\u00e9veloppant et encourageant leurs int\u00e9r\u00eats culturels et sociaux.<\/li>\n<li>L\u2019Association des R\u00e9sidents fut donc cr\u00e9\u00e9e le 8 avril 1947 et comptait quatre comit\u00e9s. Elle a \u00e9galement lan\u00e7ait un nouveau bulletin local, l\u2019Entre Nous, enti\u00e8rement r\u00e9dig\u00e9 et publi\u00e9 par des b\u00e9n\u00e9voles.\u00a0 \u00c0 cette \u00e9poque, plusieurs familles \u00e9taient pr\u00e9occup\u00e9es par des probl\u00e8mes de la collecte des poubelles, des exc\u00e8s de vitesse, de l\u2019entretien des rues et du d\u00e9blayage L\u2019Entre Nous a commenc\u00e9 par devenir un moyen de communication pour informer les r\u00e9sidents et r\u00e9soudre leurs probl\u00e8mes. La liste des premiers membres des l\u2019Association des R\u00e9sidents incluaient des noms de personnes qui n\u2019habitaient pas \u00e0 Baie-D\u2019Urf\u00e9 mais qui y avaient les chalets d\u2019\u00e9t\u00e9. Vers la fin de 1947, lors de la mise \u00e0 jour de la liste, il a \u00e9t\u00e9 d\u00e9cid\u00e9 qu\u2019il fallait ajouter aux noms des r\u00e9sidents partis pour servir sur le front leur num\u00e9ro de r\u00e9gime, leur rang, leur statut, etc. Il fallait se souvenir de ceux qui ont servi leur pays.<\/li>\n<li>En 1947, l\u2019Association a r\u00e9ussi \u00e0 assurer un arr\u00eat \u00e0 Baie-D\u2019Urf\u00e9 du train du samedi matin\u00a0 vers Montr\u00e9al pour les acheteurs qui voulaient faire leurs commissions et emplettes. Une liste pour la garde d\u2019enfants a \u00e9t\u00e9 \u00e9tablie \u00e0 travers L\u2019Entre Nous. Des signaux pour les visiteurs indiquant les promenades \u00e0 travers les champs ont \u00e9t\u00e9 aussi install\u00e9s.<\/li>\n<\/ul>\n<p>Nous vous invitons \u00e0 visiter notre site et \u00e0 en savoir plus sur l\u2019Association des R\u00e9sidents de Baie-D\u2019Urf\u00e9.<\/p>\n<p>[\/et_pb_text][\/et_pb_column][\/et_pb_row][et_pb_row _builder_version=\u00a0\u00bb4.16&Prime; global_colors_info=\u00a0\u00bb{}\u00a0\u00bb][et_pb_column type=\u00a0\u00bb4_4&Prime; _builder_version=\u00a0\u00bb4.16&Prime; global_colors_info=\u00a0\u00bb{}\u00a0\u00bb][et_pb_text _builder_version=\u00a0\u00bb4.27.4&Prime; hover_enabled=\u00a0\u00bb0&Prime; global_colors_info=\u00a0\u00bb{}\u00a0\u00bb sticky_enabled=\u00a0\u00bb0&Prime;]<\/p>\n<h3>Comit\u00e9 ex\u00e9cutif 2025<\/h3>\n<p>Le Comit\u00e9 de l\u2019Association des R\u00e9sidents de Baie-d\u2019Urf\u00e9 se r\u00e9unit\u00a0 mensuellement, \u00e0 chaque 3<sup>\u00e8me<\/sup> mardi du mois au Centre communautaire Fritz \u00e0 19h30. L\u2019Assembl\u00e9e g\u00e9n\u00e9rale a lieu en f\u00e9vrier.<\/p>\n<ul>\n<li><strong>Elizabeth Benoit Williamson <\/strong>: Pr\u00e9sidente<\/li>\n<li><strong>Jack Toyota <\/strong>: Vice-Pr\u00e9sident<\/li>\n<li><strong>Sonia Montserrat <\/strong>: Secr\u00e9taire<\/li>\n<li><strong>David James <\/strong>: Tr\u00e9sorier<\/li>\n<li><strong>Vacant\u00a0: <\/strong>Communications<\/li>\n<li><strong>Vacant <\/strong>: \u00c9diteur, Entre-Nous<\/li>\n<\/ul>\n<h3>Membres associ\u00e9s<\/h3>\n<ul>\n<li><strong>Laurie Fearon<\/strong><strong><br \/><\/strong><\/li>\n<li><strong>Merryl Hammond<\/strong><\/li>\n<li><strong>A. Anand<\/strong><\/li>\n<\/ul>\n<p>[\/et_pb_text][\/et_pb_column][\/et_pb_row][\/et_pb_section]<\/p>\n","protected":false},"excerpt":{"rendered":"<p>Bienvenue au site internet de \u00a0l\u2019Association des R\u00e9sidents de Baie-D\u2019Urf\u00e9. L\u2019Association des R\u00e9sidents de Baie-D\u2019Urf\u00e9 fut cr\u00e9\u00e9e en 1947 et incorpor\u00e9e en 1960 pour renforcer et promouvoir parmi les r\u00e9sidents de la ville de Baie-D\u2019Urf\u00e9 leur esprit civique et encourager leurs diff\u00e9rents loisirs communautaires et leurs int\u00e9r\u00eats culturels. Notre Association est un forum public qui [&hellip;]<\/p>\n","protected":false},"author":1,"featured_media":0,"parent":0,"menu_order":0,"comment_status":"closed","ping_status":"closed","template":"","meta":{"_et_pb_use_builder":"on","_et_pb_old_content":"<!-- wp:paragraph -->\r\n<p>Welcome to the Baie-d'Urf\u00e9 Citizen's Association website.<\/p>\r\n<!-- \/wp:paragraph -->\r\n\r\n<!-- wp:paragraph -->\r\n<p>Baie-d'Urf\u00e9 is a suburban town located west of Montreal, in Quebec, Canada.<\/p>\r\n<!-- \/wp:paragraph -->\r\n\r\n<!-- wp:paragraph -->\r\n<p>Our volunteer association has existed since 1947 prompting and engaging citizenship among the residents of our town by furthering the recreational, cultural and social interests of our residents.<\/p>\r\n<!-- \/wp:paragraph -->\r\n\r\n<!-- wp:paragraph -->\r\n<p>We invite you to learn more about our Association by exploring our website.<\/p>\r\n<!-- \/wp:paragraph -->\r\n\r\n<!-- wp:paragraph -->\r\n<p><a href=\"http:\/\/https:\/\/baiedurfe.ca\/\">Town of Baie-d'Urf\u00e9 website<\/a><\/p>\r\n<!-- \/wp:paragraph -->\r\n\r\n<!-- wp:paragraph -->\r\n<p><a href=\"https:\/\/en.wikipedia.org\/wiki\/Baie-D%27Urf\u00e9\">Baie-d'Urf\u00e9 pages on Wikipedia<\/a><\/p>\r\n<!-- \/wp:paragraph -->","_et_gb_content_width":"","_monsterinsights_skip_tracking":false,"_monsterinsights_sitenote_active":false,"_monsterinsights_sitenote_note":"","_monsterinsights_sitenote_category":0,"footnotes":""},"class_list":["post-112","page","type-page","status-publish","hentry"],"_links":{"self":[{"href":"https:\/\/baiedurfe.ca\/fr\/wp-json\/wp\/v2\/pages\/112","targetHints":{"allow":["GET"]}}],"collection":[{"href":"https:\/\/baiedurfe.ca\/fr\/wp-json\/wp\/v2\/pages"}],"about":[{"href":"https:\/\/baiedurfe.ca\/fr\/wp-json\/wp\/v2\/types\/page"}],"author":[{"embeddable":true,"href":"https:\/\/baiedurfe.ca\/fr\/wp-json\/wp\/v2\/users\/1"}],"replies":[{"embeddable":true,"href":"https:\/\/baiedurfe.ca\/fr\/wp-json\/wp\/v2\/comments?post=112"}],"version-history":[{"count":28,"href":"https:\/\/baiedurfe.ca\/fr\/wp-json\/wp\/v2\/pages\/112\/revisions"}],"predecessor-version":[{"id":4962,"href":"https:\/\/baiedurfe.ca\/fr\/wp-json\/wp\/v2\/pages\/112\/revisions\/4962"}],"wp:attachment":[{"href":"https:\/\/baiedurfe.ca\/fr\/wp-json\/wp\/v2\/media?parent=112"}],"curies":[{"name":"wp","href":"https:\/\/api.w.org\/{rel}","templated":true}]}}