{"id":208,"date":"2019-01-27T00:45:32","date_gmt":"2019-01-27T00:45:32","guid":{"rendered":"https:\/\/baiedurfe.ca\/?page_id=208"},"modified":"2023-02-06T21:37:51","modified_gmt":"2023-02-07T02:37:51","slug":"entre-nous","status":"publish","type":"page","link":"https:\/\/baiedurfe.ca\/fr\/entre-nous\/","title":{"rendered":"Entre Nous"},"content":{"rendered":"<p><img loading=\"lazy\" decoding=\"async\" class=\"alignnone size-full wp-image-2867\" src=\"https:\/\/baiedurfeca.s3.amazonaws.com\/wp-content\/uploads\/2021\/08\/31144739\/news-and-views-banner-2021-09.jpg\" alt=\"\" width=\"1080\" height=\"297\" \/><br \/>\nEntre-Nous est la publication officielle de l\u2019Association de Baie-D\u2019Urf\u00e9. Elle est\u00a0 distribu\u00e9e \u00e0 toutes les r\u00e9sidences de Baie-D\u2019Urf\u00e9 10 mois par ann\u00e9e; il n\u2019y a pas de publication en janvier et ao\u00fbt.<\/p>\n<p>En 1947, gr\u00e2ce \u00e0 une initiative enti\u00e8rement entreprise par des b\u00e9n\u00e9voles,\u00a0 l\u2019Association des\u00a0 R\u00e9sidents a lanc\u00e9 un magazine local mensuel, l\u2019Entre-Nous. Plusieurs familles \u00e9taient pr\u00e9occup\u00e9es par des probl\u00e8mes de la collecte des poubelles, des exc\u00e8s de vitesse, de l\u2019entretien des rues et du d\u00e9blayage L\u2019Entre Nous a commenc\u00e9 par devenir un moyen de communication pour informer les r\u00e9sidents et r\u00e9soudre leurs probl\u00e8mes.<\/p>\n<p>La premi\u00e8re publication d\u2019Entre-Nous a eu lieu en juillet 1947. Miriam Nagley \u00e9tait l\u2019Editeur. Pendant plusieurs ann\u00e9es, M. et Mme Nagley ont imprim\u00e9 les copies du magazine \u00e0 partir de leur cuisine, en assumant toutes les d\u00e9penses. La deuxi\u00e8me publication du magazine a incorpor\u00e9 des annonces de commerces, tous situ\u00e9s \u00e0 Ste-Anne de Bellevue, qui repr\u00e9sentait le seul centre commercial raisonnablement proche de Baie-D\u2019Urf\u00e9; quelques-uns de ces commerces continuent encore aujourd\u2019hui \u00e0 servir la communaut\u00e9. <strong><a href=\"\/fr\/contacte\/\">Contactez \u00ab Entre Nous \u00bb <\/a><\/strong><\/p>\n<div class=\"tags\">\n<h4>Jump to a year:<\/h4>\n<p><a href=\"\/news-and-views\/tag-2023\/\">2023<\/a> <a href=\"https:\/\/baiedurfe.ca\/news-and-views\/tag-2022\/\">2022<\/a> <a href=\"https:\/\/baiedurfe.ca\/news-and-views\/tag-2020\/\">2021<\/a> <a href=\"https:\/\/baiedurfe.ca\/news-and-views\/tag-2020\/\">2020<\/a> <a href=\"https:\/\/baiedurfe.ca\/news-and-views\/tag-2019\/\">2019<\/a> <a href=\"https:\/\/baiedurfe.ca\/news-and-views\/tag-2018\/\">2018<\/a> <a href=\"https:\/\/baiedurfe.ca\/news-and-views\/tag-2017\/\">2017<\/a> <a href=\"https:\/\/baiedurfe.ca\/news-and-views\/tag-2015\/\">2015<\/a> <a href=\"https:\/\/baiedurfe.ca\/news-and-views\/tag-2014\/\">2014<\/a> <a href=\"https:\/\/baiedurfe.ca\/news-and-views\/tag-2013\/\">2013<\/a> <a href=\"https:\/\/baiedurfe.ca\/news-and-views\/tag-2010\/\">2010<\/a> <a href=\"https:\/\/baiedurfe.ca\/news-and-views\/tag-2007\/\">2007<\/a> <a href=\"https:\/\/baiedurfe.ca\/news-and-views\/tag-1966\/\">1966<\/a> <a href=\"https:\/\/baiedurfe.ca\/news-and-views\/tag-1965\/\">1965<\/a> <a href=\"https:\/\/baiedurfe.ca\/news-and-views\/tag-1963\/\">1963<\/a> <a href=\"\/news-and-views\/tag-1956\/\">1956<\/a> <a href=\"https:\/\/baiedurfe.ca\/news-and-views\/tag-1955\/\">1955<\/a> <a href=\"https:\/\/baiedurfe.ca\/news-and-views\/tag-1953\/\">1953<\/a> <a href=\"https:\/\/baiedurfe.ca\/news-and-views\/tag-1952\/\">1952<\/a> <a href=\"https:\/\/baiedurfe.ca\/news-and-views\/tag-1951\/\">1951<\/a> <a href=\"https:\/\/baiedurfe.ca\/news-and-views\/tag-1950\/\">1950<\/a> <a href=\"https:\/\/baiedurfe.ca\/news-and-views\/tag-1949\/\">1949<\/a> <a href=\"https:\/\/baiedurfe.ca\/news-and-views\/tag-1948\/\">1948<\/a> <a href=\"https:\/\/baiedurfe.ca\/news-and-views\/tag-1947\/\">1947<\/a><\/p>\n<p>&nbsp;<\/p>\n<\/div>\n<ul class=\"dlm-downloads\"><li><div class=\"dlm_cs_form_v3\">\n        <div class=\"dlm_g_recaptcha\" data-sitekey=\"6LfPS0EmAAAAAB1JQGdmFl3lru2HYFq-zwjS99A_\"><\/div>\n\t\t\n<aside class=\"download-box bdca\">\n<div class=\"dlm-image-wrapper\"><img loading=\"lazy\" decoding=\"async\" width=\"385\" height=\"500\" src=\"https:\/\/baiedurfeca.s3.amazonaws.com\/wp-content\/uploads\/2026\/03\/03101406\/841-mar-2026.webp\" class=\"attachment-full size-full wp-post-image\" alt=\"\" \/><\/div>\n<div class=\"download-count\">\n    87 t\u00e9l\u00e9chargements<\/div>\n<div class=\"download-box-content\">\n    <a class=\"download-button\" title=\"\" href=\"https:\/\/baiedurfe.ca\/fr\/download\/march-mars-2026\/?tmstv=1776862437&#038;v=5086\" rel=\"nofollow\">\n        <i class=\"fa fa-download\"><\/i>&nbsp;&nbsp;March\/Mars 2026    <\/a>\n<\/div>\n<\/aside>\n\n\n\n<\/div><\/li><li><div class=\"dlm_cs_form_v3\">\n        <div class=\"dlm_g_recaptcha\" data-sitekey=\"6LfPS0EmAAAAAB1JQGdmFl3lru2HYFq-zwjS99A_\"><\/div>\n\t\t\n<aside class=\"download-box bdca\">\n<div class=\"dlm-image-wrapper\"><img loading=\"lazy\" decoding=\"async\" width=\"387\" height=\"500\" src=\"https:\/\/baiedurfeca.s3.amazonaws.com\/wp-content\/uploads\/2026\/02\/02200738\/840-feb-2026.webp\" class=\"attachment-full size-full wp-post-image\" alt=\"\" \/><\/div>\n<div class=\"download-count\">\n    86 t\u00e9l\u00e9chargements<\/div>\n<div class=\"download-box-content\">\n    <a class=\"download-button\" title=\"\" href=\"https:\/\/baiedurfe.ca\/fr\/download\/fev-feb-2026\/?tmstv=1776862437&#038;v=5043\" rel=\"nofollow\">\n        <i class=\"fa fa-download\"><\/i>&nbsp;&nbsp;Fev\/Feb 2026    <\/a>\n<\/div>\n<\/aside>\n\n\n\n<\/div><\/li><li><div class=\"dlm_cs_form_v3\">\n        <div class=\"dlm_g_recaptcha\" data-sitekey=\"6LfPS0EmAAAAAB1JQGdmFl3lru2HYFq-zwjS99A_\"><\/div>\n\t\t\n<aside class=\"download-box bdca\">\n<div class=\"dlm-image-wrapper\"><img loading=\"lazy\" decoding=\"async\" width=\"250\" height=\"323\" src=\"https:\/\/baiedurfeca.s3.amazonaws.com\/wp-content\/uploads\/2025\/12\/10104155\/839-dec-2025.webp\" class=\"attachment-full size-full wp-post-image\" alt=\"\" \/><\/div>\n<div class=\"download-count\">\n    73 t\u00e9l\u00e9chargements<\/div>\n<div class=\"download-box-content\">\n    <a class=\"download-button\" title=\"\" href=\"https:\/\/baiedurfe.ca\/fr\/download\/dec-2025\/?tmstv=1776862437&#038;v=5019\" rel=\"nofollow\">\n        <i class=\"fa fa-download\"><\/i>&nbsp;&nbsp;Dec 2025    <\/a>\n<\/div>\n<\/aside>\n\n\n\n<\/div><\/li><li><div class=\"dlm_cs_form_v3\">\n        <div class=\"dlm_g_recaptcha\" data-sitekey=\"6LfPS0EmAAAAAB1JQGdmFl3lru2HYFq-zwjS99A_\"><\/div>\n\t\t\n<aside class=\"download-box bdca\">\n<div class=\"dlm-image-wrapper\"><img loading=\"lazy\" decoding=\"async\" width=\"584\" height=\"760\" src=\"https:\/\/baiedurfeca.s3.amazonaws.com\/wp-content\/uploads\/2025\/11\/02174836\/838-nov-2025.webp\" class=\"attachment-full size-full wp-post-image\" alt=\"\" \/><\/div>\n<div class=\"download-count\">\n    79 t\u00e9l\u00e9chargements<\/div>\n<div class=\"download-box-content\">\n    <a class=\"download-button\" title=\"\" href=\"https:\/\/baiedurfe.ca\/fr\/download\/nov-2025\/?tmstv=1776862437&#038;v=5004\" rel=\"nofollow\">\n        <i class=\"fa fa-download\"><\/i>&nbsp;&nbsp;Nov 2025    <\/a>\n<\/div>\n<\/aside>\n\n\n\n<\/div><\/li><li><div class=\"dlm_cs_form_v3\">\n        <div class=\"dlm_g_recaptcha\" data-sitekey=\"6LfPS0EmAAAAAB1JQGdmFl3lru2HYFq-zwjS99A_\"><\/div>\n\t\t\n<aside class=\"download-box bdca\">\n<div class=\"dlm-image-wrapper\"><img loading=\"lazy\" decoding=\"async\" width=\"382\" height=\"500\" src=\"https:\/\/baiedurfeca.s3.amazonaws.com\/wp-content\/uploads\/2025\/10\/04122435\/837-oct-2025.webp\" class=\"attachment-full size-full wp-post-image\" alt=\"\" \/><\/div>\n<div class=\"download-count\">\n    77 t\u00e9l\u00e9chargements<\/div>\n<div class=\"download-box-content\">\n    <a class=\"download-button\" title=\"\" href=\"https:\/\/baiedurfe.ca\/fr\/download\/oct-2025\/?tmstv=1776862437&#038;v=4958\" rel=\"nofollow\">\n        <i class=\"fa fa-download\"><\/i>&nbsp;&nbsp;Oct 2025    <\/a>\n<\/div>\n<\/aside>\n\n\n\n<\/div><\/li><li><div class=\"dlm_cs_form_v3\">\n        <div class=\"dlm_g_recaptcha\" data-sitekey=\"6LfPS0EmAAAAAB1JQGdmFl3lru2HYFq-zwjS99A_\"><\/div>\n\t\t\n<aside class=\"download-box bdca\">\n<div class=\"dlm-image-wrapper\"><img loading=\"lazy\" decoding=\"async\" width=\"385\" height=\"500\" src=\"https:\/\/baiedurfeca.s3.amazonaws.com\/wp-content\/uploads\/2025\/09\/05175041\/836-sept-2025.webp\" class=\"attachment-full size-full wp-post-image\" alt=\"\" \/><\/div>\n<div class=\"download-count\">\n    88 t\u00e9l\u00e9chargements<\/div>\n<div class=\"download-box-content\">\n    <a class=\"download-button\" title=\"\" href=\"https:\/\/baiedurfe.ca\/fr\/download\/sept-2025\/?tmstv=1776862437&#038;v=4951\" rel=\"nofollow\">\n        <i class=\"fa fa-download\"><\/i>&nbsp;&nbsp;Sept 2025    <\/a>\n<\/div>\n<\/aside>\n\n\n\n<\/div><\/li><li><div class=\"dlm_cs_form_v3\">\n        <div class=\"dlm_g_recaptcha\" data-sitekey=\"6LfPS0EmAAAAAB1JQGdmFl3lru2HYFq-zwjS99A_\"><\/div>\n\t\t\n<aside class=\"download-box bdca\">\n<div class=\"dlm-image-wrapper\"><img loading=\"lazy\" decoding=\"async\" width=\"383\" height=\"500\" src=\"https:\/\/baiedurfeca.s3.amazonaws.com\/wp-content\/uploads\/2025\/07\/07094439\/835-juiillet-2025.webp\" class=\"attachment-full size-full wp-post-image\" alt=\"\" \/><\/div>\n<div class=\"download-count\">\n    74 t\u00e9l\u00e9chargements<\/div>\n<div class=\"download-box-content\">\n    <a class=\"download-button\" title=\"\" href=\"https:\/\/baiedurfe.ca\/fr\/download\/jui-jul-2025\/?tmstv=1776862437&#038;v=4920\" rel=\"nofollow\">\n        <i class=\"fa fa-download\"><\/i>&nbsp;&nbsp;Jui\/Jul 2025    <\/a>\n<\/div>\n<\/aside>\n\n\n\n<\/div><\/li><li><div class=\"dlm_cs_form_v3\">\n        <div class=\"dlm_g_recaptcha\" data-sitekey=\"6LfPS0EmAAAAAB1JQGdmFl3lru2HYFq-zwjS99A_\"><\/div>\n\t\t\n<aside class=\"download-box bdca\">\n<div class=\"dlm-image-wrapper\"><img loading=\"lazy\" decoding=\"async\" width=\"387\" height=\"500\" src=\"https:\/\/baiedurfeca.s3.amazonaws.com\/wp-content\/uploads\/2025\/05\/31123221\/834-juin-2025.webp\" class=\"attachment-full size-full wp-post-image\" alt=\"\" \/><\/div>\n<div class=\"download-count\">\n    91 t\u00e9l\u00e9chargements<\/div>\n<div class=\"download-box-content\">\n    <a class=\"download-button\" title=\"\" href=\"https:\/\/baiedurfe.ca\/fr\/download\/juin-june-2025\/?tmstv=1776862437&#038;v=4911\" rel=\"nofollow\">\n        <i class=\"fa fa-download\"><\/i>&nbsp;&nbsp;Juin\/June 2025    <\/a>\n<\/div>\n<\/aside>\n\n\n\n<\/div><\/li><li><div class=\"dlm_cs_form_v3\">\n        <div class=\"dlm_g_recaptcha\" data-sitekey=\"6LfPS0EmAAAAAB1JQGdmFl3lru2HYFq-zwjS99A_\"><\/div>\n\t\t\n<aside class=\"download-box bdca\">\n<div class=\"dlm-image-wrapper\"><img loading=\"lazy\" decoding=\"async\" width=\"419\" height=\"550\" src=\"https:\/\/baiedurfeca.s3.amazonaws.com\/wp-content\/uploads\/2025\/05\/06141635\/833-mai-2025.webp\" class=\"attachment-full size-full wp-post-image\" alt=\"\" \/><\/div>\n<div class=\"download-count\">\n    41 t\u00e9l\u00e9chargements<\/div>\n<div class=\"download-box-content\">\n    <a class=\"download-button\" title=\"\" href=\"https:\/\/baiedurfe.ca\/fr\/download\/mai-may-2026\/?tmstv=1776862437&#038;v=4881\" rel=\"nofollow\">\n        <i class=\"fa fa-download\"><\/i>&nbsp;&nbsp;May\/Mai2025    <\/a>\n<\/div>\n<\/aside>\n\n\n\n<\/div><\/li><li><div class=\"dlm_cs_form_v3\">\n        <div class=\"dlm_g_recaptcha\" data-sitekey=\"6LfPS0EmAAAAAB1JQGdmFl3lru2HYFq-zwjS99A_\"><\/div>\n\t\t\n<aside class=\"download-box bdca\">\n<div class=\"dlm-image-wrapper\"><img loading=\"lazy\" decoding=\"async\" width=\"383\" height=\"500\" src=\"https:\/\/baiedurfeca.s3.amazonaws.com\/wp-content\/uploads\/2025\/04\/16114625\/832-avril-2025.webp\" class=\"attachment-full size-full wp-post-image\" alt=\"\" \/><\/div>\n<div class=\"download-count\">\n    32 t\u00e9l\u00e9chargements<\/div>\n<div class=\"download-box-content\">\n    <a class=\"download-button\" title=\"\" href=\"https:\/\/baiedurfe.ca\/fr\/download\/avril-april-2025\/?tmstv=1776862437&#038;v=4868\" rel=\"nofollow\">\n        <i class=\"fa fa-download\"><\/i>&nbsp;&nbsp;April\/Avril2025    <\/a>\n<\/div>\n<\/aside>\n\n\n\n<\/div><\/li><li><div class=\"dlm_cs_form_v3\">\n        <div class=\"dlm_g_recaptcha\" data-sitekey=\"6LfPS0EmAAAAAB1JQGdmFl3lru2HYFq-zwjS99A_\"><\/div>\n\t\t\n<aside class=\"download-box bdca\">\n<div class=\"dlm-image-wrapper\"><img loading=\"lazy\" decoding=\"async\" width=\"387\" height=\"500\" src=\"https:\/\/baiedurfeca.s3.amazonaws.com\/wp-content\/uploads\/2025\/03\/01161203\/831-mar-2025.webp\" class=\"attachment-full size-full wp-post-image\" alt=\"\" \/><\/div>\n<div class=\"download-count\">\n    57 t\u00e9l\u00e9chargements<\/div>\n<div class=\"download-box-content\">\n    <a class=\"download-button\" title=\"\" href=\"https:\/\/baiedurfe.ca\/fr\/download\/mar-2025\/?tmstv=1776862437&#038;v=4827\" rel=\"nofollow\">\n        <i class=\"fa fa-download\"><\/i>&nbsp;&nbsp;March\/Mars 2025    <\/a>\n<\/div>\n<\/aside>\n\n\n\n<\/div><\/li><li><div class=\"dlm_cs_form_v3\">\n        <div class=\"dlm_g_recaptcha\" data-sitekey=\"6LfPS0EmAAAAAB1JQGdmFl3lru2HYFq-zwjS99A_\"><\/div>\n\t\t\n<aside class=\"download-box bdca\">\n<div class=\"dlm-image-wrapper\"><img loading=\"lazy\" decoding=\"async\" width=\"386\" height=\"500\" src=\"https:\/\/baiedurfeca.s3.amazonaws.com\/wp-content\/uploads\/2025\/01\/31173741\/830-feb-2025.webp\" class=\"attachment-full size-full wp-post-image\" alt=\"\" \/><\/div>\n<div class=\"download-count\">\n    84 t\u00e9l\u00e9chargements<\/div>\n<div class=\"download-box-content\">\n    <a class=\"download-button\" title=\"\" href=\"https:\/\/baiedurfe.ca\/fr\/download\/fev-feb-2025\/?tmstv=1776862437&#038;v=4772\" rel=\"nofollow\">\n        <i class=\"fa fa-download\"><\/i>&nbsp;&nbsp;Fev\/Feb 2025    <\/a>\n<\/div>\n<\/aside>\n\n\n\n<\/div><\/li><\/ul><nav class=\"download-monitor-pagination\">\n\t<ul class='page-numbers'>\n\t<li><span aria-current=\"page\" class=\"page-numbers current\">1<\/span><\/li>\n\t<li><a class=\"page-numbers\" href=\"https:\/\/baiedurfe.ca\/fr\/wp-json\/wp\/v2\/pages\/208\/page\/2\/\">2<\/a><\/li>\n\t<li><a class=\"page-numbers\" href=\"https:\/\/baiedurfe.ca\/fr\/wp-json\/wp\/v2\/pages\/208\/page\/3\/\">3<\/a><\/li>\n\t<li><a class=\"page-numbers\" href=\"https:\/\/baiedurfe.ca\/fr\/wp-json\/wp\/v2\/pages\/208\/page\/4\/\">4<\/a><\/li>\n\t<li><span class=\"page-numbers dots\">\u2026<\/span><\/li>\n\t<li><a class=\"page-numbers\" href=\"https:\/\/baiedurfe.ca\/fr\/wp-json\/wp\/v2\/pages\/208\/page\/12\/\">12<\/a><\/li>\n\t<li><a class=\"page-numbers\" href=\"https:\/\/baiedurfe.ca\/fr\/wp-json\/wp\/v2\/pages\/208\/page\/13\/\">13<\/a><\/li>\n\t<li><a class=\"page-numbers\" href=\"https:\/\/baiedurfe.ca\/fr\/wp-json\/wp\/v2\/pages\/208\/page\/14\/\">14<\/a><\/li>\n\t<li><a class=\"next page-numbers\" href=\"https:\/\/baiedurfe.ca\/fr\/wp-json\/wp\/v2\/pages\/208\/page\/2\/\">&rarr;<\/a><\/li>\n<\/ul>\n<\/nav>\n\n\t\t\t\t\n","protected":false},"excerpt":{"rendered":"<p>Entre-Nous est la publication officielle de l\u2019Association de Baie-D\u2019Urf\u00e9. Elle est\u00a0 distribu\u00e9e \u00e0 toutes les r\u00e9sidences de Baie-D\u2019Urf\u00e9 10 mois par ann\u00e9e; il n\u2019y a pas de publication en janvier et ao\u00fbt. En 1947, gr\u00e2ce \u00e0 une initiative enti\u00e8rement entreprise par des b\u00e9n\u00e9voles,\u00a0 l\u2019Association des\u00a0 R\u00e9sidents a lanc\u00e9 un magazine local mensuel, l\u2019Entre-Nous. Plusieurs familles [&hellip;]<\/p>\n","protected":false},"author":1,"featured_media":0,"parent":0,"menu_order":0,"comment_status":"closed","ping_status":"closed","template":"","meta":{"_et_pb_use_builder":"off","_et_pb_old_content":"","_et_gb_content_width":"","_monsterinsights_skip_tracking":false,"_monsterinsights_sitenote_active":false,"_monsterinsights_sitenote_note":"","_monsterinsights_sitenote_category":0,"footnotes":""},"class_list":["post-208","page","type-page","status-publish","hentry"],"_links":{"self":[{"href":"https:\/\/baiedurfe.ca\/fr\/wp-json\/wp\/v2\/pages\/208","targetHints":{"allow":["GET"]}}],"collection":[{"href":"https:\/\/baiedurfe.ca\/fr\/wp-json\/wp\/v2\/pages"}],"about":[{"href":"https:\/\/baiedurfe.ca\/fr\/wp-json\/wp\/v2\/types\/page"}],"author":[{"embeddable":true,"href":"https:\/\/baiedurfe.ca\/fr\/wp-json\/wp\/v2\/users\/1"}],"replies":[{"embeddable":true,"href":"https:\/\/baiedurfe.ca\/fr\/wp-json\/wp\/v2\/comments?post=208"}],"version-history":[{"count":43,"href":"https:\/\/baiedurfe.ca\/fr\/wp-json\/wp\/v2\/pages\/208\/revisions"}],"predecessor-version":[{"id":3954,"href":"https:\/\/baiedurfe.ca\/fr\/wp-json\/wp\/v2\/pages\/208\/revisions\/3954"}],"wp:attachment":[{"href":"https:\/\/baiedurfe.ca\/fr\/wp-json\/wp\/v2\/media?parent=208"}],"curies":[{"name":"wp","href":"https:\/\/api.w.org\/{rel}","templated":true}]}}