{"id":2775,"date":"2021-07-08T13:19:35","date_gmt":"2021-07-08T17:19:35","guid":{"rendered":"https:\/\/baiedurfe.ca\/?page_id=2775"},"modified":"2021-07-08T13:19:40","modified_gmt":"2021-07-08T17:19:40","slug":"webinaires","status":"publish","type":"page","link":"https:\/\/baiedurfe.ca\/fr\/webinaires\/","title":{"rendered":"Webinaires"},"content":{"rendered":"<p>[et_pb_section fb_built=\u00a0\u00bb1&Prime; _builder_version=\u00a0\u00bb4.0.6&Prime;][et_pb_row _builder_version=\u00a0\u00bb4.0.6&Prime;][et_pb_column type=\u00a0\u00bb4_4&Prime; _builder_version=\u00a0\u00bb4.0.6&Prime;][et_pb_text _builder_version=\u00a0\u00bb4.9.7&Prime; hover_enabled=\u00a0\u00bb0&Prime; sticky_enabled=\u00a0\u00bb0&Prime;]<\/p>\n<h1>Webinaires<\/h1>\n<p>Vous trouverez ci-dessous quelques vid\u00e9os et webinaires susceptibles d&rsquo;int\u00e9resser la communaut\u00e9.<\/p>\n<p>[\/et_pb_text][\/et_pb_column][\/et_pb_row][et_pb_row column_structure=\u00a0\u00bb3_4,1_4&Prime; _builder_version=\u00a0\u00bb4.0.6&Prime;][et_pb_column type=\u00a0\u00bb3_4&Prime; _builder_version=\u00a0\u00bb4.0.6&Prime;][et_pb_blog include_categories=\u00a0\u00bb51&Prime; show_content=\u00a0\u00bbon\u00a0\u00bb show_author=\u00a0\u00bboff\u00a0\u00bb _builder_version=\u00a0\u00bb4.9.7&Prime; hover_enabled=\u00a0\u00bb0&Prime; sticky_enabled=\u00a0\u00bb0&Prime;][\/et_pb_blog][\/et_pb_column][et_pb_column type=\u00a0\u00bb1_4&Prime; _builder_version=\u00a0\u00bb4.0.6&Prime;][et_pb_sidebar area=\u00a0\u00bbet_pb_widget_area_2&Prime; _builder_version=\u00a0\u00bb4.9.7&Prime;][\/et_pb_sidebar][\/et_pb_column][\/et_pb_row][\/et_pb_section]<\/p>\n","protected":false},"excerpt":{"rendered":"<p>Webinaires Vous trouverez ci-dessous quelques vid\u00e9os et webinaires susceptibles d&rsquo;int\u00e9resser la communaut\u00e9.<\/p>\n","protected":false},"author":1,"featured_media":0,"parent":0,"menu_order":0,"comment_status":"closed","ping_status":"closed","template":"","meta":{"_et_pb_use_builder":"on","_et_pb_old_content":"<p>[et_pb_section fb_built=\"1\" _builder_version=\"4.0.6\"][et_pb_row _builder_version=\"4.0.6\"][et_pb_column type=\"4_4\" _builder_version=\"4.0.6\"][et_pb_text _builder_version=\"4.9.7\"]<\/p><h1>Webinars<\/h1><p>Below are some videos and webinars that may of interest to the community.<\/p><p>[\/et_pb_text][\/et_pb_column][\/et_pb_row][et_pb_row column_structure=\"3_4,1_4\" _builder_version=\"4.0.6\"][et_pb_column type=\"3_4\" _builder_version=\"4.0.6\"][et_pb_blog include_categories=\"51\" show_content=\"on\" show_author=\"off\" _builder_version=\"4.9.7\"][\/et_pb_blog][\/et_pb_column][et_pb_column type=\"1_4\" _builder_version=\"4.0.6\"][et_pb_sidebar area=\"et_pb_widget_area_2\" _builder_version=\"4.9.7\" hover_enabled=\"0\" sticky_enabled=\"0\"][\/et_pb_sidebar][\/et_pb_column][\/et_pb_row][\/et_pb_section]<\/p>","_et_gb_content_width":"","_monsterinsights_skip_tracking":false,"_monsterinsights_sitenote_active":false,"_monsterinsights_sitenote_note":"","_monsterinsights_sitenote_category":0,"footnotes":""},"class_list":["post-2775","page","type-page","status-publish","hentry"],"_links":{"self":[{"href":"https:\/\/baiedurfe.ca\/fr\/wp-json\/wp\/v2\/pages\/2775","targetHints":{"allow":["GET"]}}],"collection":[{"href":"https:\/\/baiedurfe.ca\/fr\/wp-json\/wp\/v2\/pages"}],"about":[{"href":"https:\/\/baiedurfe.ca\/fr\/wp-json\/wp\/v2\/types\/page"}],"author":[{"embeddable":true,"href":"https:\/\/baiedurfe.ca\/fr\/wp-json\/wp\/v2\/users\/1"}],"replies":[{"embeddable":true,"href":"https:\/\/baiedurfe.ca\/fr\/wp-json\/wp\/v2\/comments?post=2775"}],"version-history":[{"count":4,"href":"https:\/\/baiedurfe.ca\/fr\/wp-json\/wp\/v2\/pages\/2775\/revisions"}],"predecessor-version":[{"id":2780,"href":"https:\/\/baiedurfe.ca\/fr\/wp-json\/wp\/v2\/pages\/2775\/revisions\/2780"}],"wp:attachment":[{"href":"https:\/\/baiedurfe.ca\/fr\/wp-json\/wp\/v2\/media?parent=2775"}],"curies":[{"name":"wp","href":"https:\/\/api.w.org\/{rel}","templated":true}]}}