{"id":3007,"date":"2021-10-14T16:03:04","date_gmt":"2021-10-14T20:03:04","guid":{"rendered":"https:\/\/baiedurfe.ca\/?page_id=3007"},"modified":"2021-10-21T09:23:47","modified_gmt":"2021-10-21T13:23:47","slug":"2021-elections","status":"publish","type":"page","link":"https:\/\/baiedurfe.ca\/fr\/2021-elections\/","title":{"rendered":"2021 Elections"},"content":{"rendered":"<p>[et_pb_section fb_built=\u00a0\u00bb1&Prime; admin_label=\u00a0\u00bbGeneral blah blah blah\u00a0\u00bb _builder_version=\u00a0\u00bb4.11.2&Prime; custom_margin=\u00a0\u00bb0px||50px||false|false\u00a0\u00bb global_colors_info=\u00a0\u00bb{}\u00a0\u00bb][et_pb_row admin_label=\u00a0\u00bbrow\u00a0\u00bb _builder_version=\u00a0\u00bb3.25&Prime; background_size=\u00a0\u00bbinitial\u00a0\u00bb background_position=\u00a0\u00bbtop_left\u00a0\u00bb background_repeat=\u00a0\u00bbrepeat\u00a0\u00bb global_colors_info=\u00a0\u00bb{}\u00a0\u00bb][et_pb_column type=\u00a0\u00bb4_4&Prime; _builder_version=\u00a0\u00bb3.25&Prime; custom_padding=\u00a0\u00bb|||\u00a0\u00bb global_colors_info=\u00a0\u00bb{}\u00a0\u00bb custom_padding__hover=\u00a0\u00bb|||\u00a0\u00bb][et_pb_text _builder_version=\u00a0\u00bb4.11.2&Prime; _module_preset=\u00a0\u00bbdefault\u00a0\u00bb global_colors_info=\u00a0\u00bb{}\u00a0\u00bb]<\/p>\n<h2 style=\"text-align: center;\">Venez rencontrer les candidats<\/h2>\n<div class=\"page\" title=\"Page 1\">\n<div class=\"section\">\n<div class=\"layoutArea\">\n<div class=\"column\">\n<h3 style=\"text-align: center;\">Issues and Candidates in the November 7th municipal election<\/h3>\n<\/div>\n<\/div>\n<\/div>\n<\/div>\n<p>[\/et_pb_text][\/et_pb_column][\/et_pb_row][et_pb_row column_structure=\u00a0\u00bb1_4,3_4&Prime; _builder_version=\u00a0\u00bb4.10.8&Prime; _module_preset=\u00a0\u00bbdefault\u00a0\u00bb global_colors_info=\u00a0\u00bb{}\u00a0\u00bb][et_pb_column type=\u00a0\u00bb1_4&Prime; _builder_version=\u00a0\u00bb4.10.8&Prime; _module_preset=\u00a0\u00bbdefault\u00a0\u00bb global_colors_info=\u00a0\u00bb{}\u00a0\u00bb][et_pb_image src=\u00a0\u00bbhttps:\/\/baiedurfeca.s3.amazonaws.com\/wp-content\/uploads\/2021\/09\/29161544\/2021-elections-microphone.jpg\u00a0\u00bb title_text=\u00a0\u00bb2021-elections-microphone\u00a0\u00bb _builder_version=\u00a0\u00bb4.10.8&Prime; _module_preset=\u00a0\u00bbdefault\u00a0\u00bb global_colors_info=\u00a0\u00bb{}\u00a0\u00bb][\/et_pb_image][\/et_pb_column][et_pb_column type=\u00a0\u00bb3_4&Prime; _builder_version=\u00a0\u00bb4.10.8&Prime; _module_preset=\u00a0\u00bbdefault\u00a0\u00bb global_colors_info=\u00a0\u00bb{}\u00a0\u00bb][et_pb_text _builder_version=\u00a0\u00bb4.11.2&Prime; _module_preset=\u00a0\u00bbdefault\u00a0\u00bb global_colors_info=\u00a0\u00bb{}\u00a0\u00bb]<\/p>\n<div class=\"page\" title=\"Page 1\">\n<div class=\"section\">\n<div class=\"layoutArea\">\n<div class=\"column\">\n<h3 style=\"text-align: center;\">Candidats \u00e0 la mairie et au conseil municipal<\/h3>\n<h2 style=\"text-align: center;\"><span style=\"color: #800000;\">Jeudi 21 octobre 2021<\/span><\/h2>\n<h2 style=\"text-align: center;\"><span style=\"color: #000080;\">19h30 \u2013 22h00<\/span><\/h2>\n<p style=\"text-align: center;\">Centre communautaire Grange Rouge et en ligne<br \/>20609 ch. Lakeshore, Baie-D\u2019Urfe\u0301<\/p>\n<p style=\"text-align: center;\">ORGANIS\u00c9 ET PR\u00c9SENT\u00c9 PAR<\/p>\n<p><img loading=\"lazy\" decoding=\"async\" class=\"wp-image-2034 aligncenter\" src=\"https:\/\/baiedurfe.ca\/wp-content\/uploads\/2021\/04\/BDAC-Logo-text.png\" alt=\"\" width=\"337\" height=\"81\" \/><\/p>\n<p style=\"text-align: center;\">Meet the Candidates Night is is an opportunity for voters to listen to and meet candidates for Mayor and Town Council in the upcoming elections of November 7<sup>th<\/sup>. \u00a0The event is organized in three parts:<\/p>\n<p style=\"text-align: center;\"><strong>Part 1<\/strong>:\u00a0Each candidate will introduce themselves and present their platforms.<br \/><strong>Part 2<\/strong>:\u00a0Intermission, when audience questions will be collected<br \/><strong>Part 3<\/strong>:\u00a0Question and answer period<\/p>\n<\/div>\n<\/div>\n<\/div>\n<\/div>\n<p>[\/et_pb_text][\/et_pb_column][\/et_pb_row][\/et_pb_section][et_pb_section fb_built=\u00a0\u00bb1&Prime; admin_label=\u00a0\u00bbIn Person Instructions\u00a0\u00bb _builder_version=\u00a0\u00bb4.11.2&Prime; _module_preset=\u00a0\u00bbdefault\u00a0\u00bb custom_margin=\u00a0\u00bb0px||50px||false|false\u00a0\u00bb custom_padding=\u00a0\u00bb0px||0px||false|false\u00a0\u00bb top_divider_height=\u00a0\u00bb50px\u00a0\u00bb global_colors_info=\u00a0\u00bb{}\u00a0\u00bb][et_pb_row _builder_version=\u00a0\u00bb4.10.8&Prime; _module_preset=\u00a0\u00bbdefault\u00a0\u00bb global_colors_info=\u00a0\u00bb{}\u00a0\u00bb][et_pb_column type=\u00a0\u00bb4_4&Prime; _builder_version=\u00a0\u00bb4.10.8&Prime; _module_preset=\u00a0\u00bbdefault\u00a0\u00bb global_colors_info=\u00a0\u00bb{}\u00a0\u00bb][et_pb_text admin_label=\u00a0\u00bbTitle\u00a0\u00bb _builder_version=\u00a0\u00bb4.11.2&Prime; _module_preset=\u00a0\u00bbdefault\u00a0\u00bb header_2_font=\u00a0\u00bb|700|||||||\u00a0\u00bb header_2_text_color=\u00a0\u00bb#0C71C3&Prime; header_3_font=\u00a0\u00bb|700|||||||\u00a0\u00bb header_3_text_color=\u00a0\u00bb#0C71C3&Prime; global_colors_info=\u00a0\u00bb{}\u00a0\u00bb]<\/p>\n<h3 style=\"text-align: center;\">Audience en personne<\/h3>\n<p>[\/et_pb_text][et_pb_text _builder_version=\u00a0\u00bb4.11.2&Prime; _module_preset=\u00a0\u00bbdefault\u00a0\u00bb text_line_height=\u00a0\u00bb1.4em\u00a0\u00bb ul_line_height=\u00a0\u00bb1.4em\u00a0\u00bb header_2_text_align=\u00a0\u00bbcenter\u00a0\u00bb global_colors_info=\u00a0\u00bb{}\u00a0\u00bb]<\/p>\n<p>En raison des restrictions du covid, la capacit\u00e9 du public est limit\u00e9e.\u00a0Veuillez r\u00e9server votre place \u00e0 l&rsquo;avance afin que nous sachions qui assistera \u00e0 l&rsquo;\u00e9v\u00e9nement en raison des r\u00e8glements du covid.\u00a0Pour r\u00e9server un si\u00e8ge, veuillez envoyer votre r\u00e9servation par courriel \u00e0 cette adresse :\u00a0<a href=\"ma&#105;&#108;&#116;&#x6f;&#x3a;&#x52;&#x65;&#x73;er&#118;&#97;&#116;&#x69;&#x6f;&#x6e;&#x73;&#x2e;bd&#99;&#97;&#97;&#x72;&#x62;&#x64;&#x40;&#x67;ma&#105;&#108;&#46;&#x63;&#x6f;&#x6d;\">&#82;&#x65;&#115;&#x65;r&#118;&#x61;&#116;&#x69;o&#x6e;s&#46;&#x62;&#100;&#x63;a&#x61;&#x72;&#98;&#x64;&#64;&#x67;m&#97;&#x69;&#108;&#x2e;c&#x6f;m<\/a><\/p>\n<p>Veuillez fournir les informations suivantes dans votre courriel :<br \/>Votre nom<br \/>Votre adresse<br \/>Votre num\u00e9ro de t\u00e9l\u00e9phone<br \/>Votre adresse courriel<br \/>Nombre de places demand\u00e9es<\/p>\n<ul>\n<li>Maximum 2 r\u00e9servations par famille<\/li>\n<li>Seules les personnes ayant re\u00e7u au moins deux vaccins covid\u00e9s seront admises.<\/li>\n<li>Les passeports Covid seront v\u00e9rifi\u00e9s \u00e0 l&rsquo;entr\u00e9e\u00a0(preuve \u00e9lectronique et papier accept\u00e9e).<\/li>\n<li>Masque facial obligatoire, m\u00eame en position assise.<\/li>\n<\/ul>\n<p><strong>Toute personne ne se conformant pas \u00e0 ce r\u00e8glement sera pri\u00e9e de partir. Tol\u00e9rance z\u00e9ro pour les abus de toutes sortes. Nous vous remercions de votre coop\u00e9ration.<\/strong><\/p>\n<p>&nbsp;<\/p>\n<h3 style=\"text-align: center;\">How do I ask candidates a question?<\/h3>\n<ul>\n<li>Event programmes and question forms will be available at the door.<\/li>\n<li>You can submit questions during the intermission.<\/li>\n<\/ul>\n<p>[\/et_pb_text][\/et_pb_column][\/et_pb_row][\/et_pb_section][et_pb_section fb_built=\u00a0\u00bb1&Prime; admin_label=\u00a0\u00bbOnline instructions\u00a0\u00bb _builder_version=\u00a0\u00bb4.11.2&Prime; _module_preset=\u00a0\u00bbdefault\u00a0\u00bb custom_margin=\u00a0\u00bb0px||50px||false|false\u00a0\u00bb global_colors_info=\u00a0\u00bb{}\u00a0\u00bb][et_pb_row _builder_version=\u00a0\u00bb4.11.2&Prime; _module_preset=\u00a0\u00bbdefault\u00a0\u00bb global_colors_info=\u00a0\u00bb{}\u00a0\u00bb][et_pb_column type=\u00a0\u00bb4_4&Prime; _builder_version=\u00a0\u00bb4.11.2&Prime; _module_preset=\u00a0\u00bbdefault\u00a0\u00bb global_colors_info=\u00a0\u00bb{}\u00a0\u00bb][et_pb_text _builder_version=\u00a0\u00bb4.11.2&Prime; _module_preset=\u00a0\u00bbdefault\u00a0\u00bb header_3_font=\u00a0\u00bb|700|||||||\u00a0\u00bb header_3_text_color=\u00a0\u00bb#0C71C3&Prime; global_colors_info=\u00a0\u00bb{}\u00a0\u00bb]<\/p>\n<h3 style=\"text-align: center;\">Comment puis-je regarder la soir\u00e9e \u00ab rencontrer les candidats \u00bb sur Internet ?<\/h3>\n<p>[\/et_pb_text][\/et_pb_column][\/et_pb_row][et_pb_row column_structure=\u00a0\u00bb1_2,1_2&Prime; _builder_version=\u00a0\u00bb4.11.2&Prime; _module_preset=\u00a0\u00bbdefault\u00a0\u00bb global_colors_info=\u00a0\u00bb{}\u00a0\u00bb][et_pb_column type=\u00a0\u00bb1_2&Prime; _builder_version=\u00a0\u00bb4.11.2&Prime; _module_preset=\u00a0\u00bbdefault\u00a0\u00bb background_color=\u00a0\u00bbrgba(64,214,0,0.22)\u00a0\u00bb custom_padding=\u00a0\u00bb10px|10px|10px|10px|false|false\u00a0\u00bb global_colors_info=\u00a0\u00bb{}\u00a0\u00bb][et_pb_text _builder_version=\u00a0\u00bb4.11.2&Prime; _module_preset=\u00a0\u00bbdefault\u00a0\u00bb text_line_height=\u00a0\u00bb1.4em\u00a0\u00bb global_colors_info=\u00a0\u00bb{}\u00a0\u00bb]<\/p>\n<p><img loading=\"lazy\" decoding=\"async\" class=\"wp-image-2964 size-full alignnone\" src=\"https:\/\/baiedurfeca.s3.amazonaws.com\/wp-content\/uploads\/2021\/10\/14150804\/facebook-logo.png\" alt=\"\" width=\"175\" height=\"60\" \/><\/p>\n<p>Cliquez sur ce lien pour vous connecter \u00e0 la page <a href=\"https:\/\/m.facebook.com\/events\/993595188158829\/\">Facebook de l&rsquo;Association des residents de Baie-D&rsquo;Urf\u00e9<\/a> :<\/p>\n<p>La page ouvrira automatiquement l&rsquo;\u00e9v\u00e9nement.<\/p>\n<ul>\n<li>Pour poser des questions, cliquez sur le bouton \u00ab\u00a0chat\u00a0\u00bb et envoyez votre question.<\/li>\n<li>Veuillez indiquer le nom du candidat et votre nom.<\/li>\n<li>Toutes les questions seront recueillies pendant l&rsquo;entracte.<\/li>\n<li>Aucune question ne sera recueillie apr\u00e8s l&rsquo;entracte.<\/li>\n<\/ul>\n<p>[\/et_pb_text][\/et_pb_column][et_pb_column type=\u00a0\u00bb1_2&Prime; _builder_version=\u00a0\u00bb4.11.2&Prime; _module_preset=\u00a0\u00bbdefault\u00a0\u00bb background_color=\u00a0\u00bbrgba(249,158,0,0.21)\u00a0\u00bb custom_padding=\u00a0\u00bb10px|10px|10px|10px|false|false\u00a0\u00bb global_colors_info=\u00a0\u00bb{}\u00a0\u00bb][et_pb_text _builder_version=\u00a0\u00bb4.11.2&Prime; _module_preset=\u00a0\u00bbdefault\u00a0\u00bb text_line_height=\u00a0\u00bb1.4em\u00a0\u00bb hover_enabled=\u00a0\u00bb0&Prime; global_colors_info=\u00a0\u00bb{}\u00a0\u00bb sticky_enabled=\u00a0\u00bb0&Prime;]<\/p>\n<p><strong><img loading=\"lazy\" decoding=\"async\" class=\"wp-image-2969 alignnone size-full\" src=\"https:\/\/baiedurfeca.s3.amazonaws.com\/wp-content\/uploads\/2021\/10\/14151126\/zoom-logo.png\" alt=\"\" width=\"175\" height=\"60\" \/><\/strong><\/p>\n<div><span lang=\"FR-CA\">Cliquez sur ce lien Zoom pour ouvrir la r\u00e9union <\/span><a href=\"https:\/\/us02web.zoom.us\/j\/86813375455?pwd=VEc2S1h5TkNIT3FXczRmMWtLRTI4UT09\">link<\/a>:<\/div>\n<div>Meeting ID: 868 1337 5455<br \/>Passcode: 805357<\/div>\n<p>Pour poser des questions, cliquez sur le bouton \u00ab\u00a0chat\u00a0\u00bb et envoyez votre question.<\/p>\n<p><strong>Pour trouver le bouton \u00ab\u00a0chat\u00a0\u00bb sur votre Smartphone :<\/strong><\/p>\n<ul>\n<li>Localisez le menu d\u00e9roulant \u00ab\u00a0more\u00a0\u00bb.<\/li>\n<li>Dans le menu d\u00e9roulant, cliquez sur \u00ab\u00a0chat\u00a0\u00bb.<\/li>\n<li>Tapez votre question<\/li>\n<li>Veuillez indiquer le nom du candidat et votre nom.<\/li>\n<li>Toutes les questions seront recueillies pendant l&rsquo;entracte.<\/li>\n<li>Aucune question ne sera recueillie apr\u00e8s l&rsquo;entracte.<\/li>\n<\/ul>\n<p><strong>Pour trouver le bouton de chat sur votre ordinateur ou votre tablette :<\/strong><\/p>\n<ul>\n<li>Le bouton de chat est situ\u00e9 en bas de l&rsquo;\u00e9cran.<\/li>\n<li>Veuillez indiquer le nom du candidat et votre nom.<\/li>\n<li>Toutes les questions seront recueillies pendant l&rsquo;entracte.<\/li>\n<li>Aucune question ne sera recueillie apr\u00e8s l&rsquo;entracte.<\/li>\n<\/ul>\n<p>[\/et_pb_text][\/et_pb_column][\/et_pb_row][\/et_pb_section][et_pb_section fb_built=\u00a0\u00bb1&Prime; admin_label=\u00a0\u00bbFAQ\u00a0\u00bb _builder_version=\u00a0\u00bb4.11.2&Prime; _module_preset=\u00a0\u00bbdefault\u00a0\u00bb custom_margin=\u00a0\u00bb0px||50px||false|false\u00a0\u00bb global_colors_info=\u00a0\u00bb{}\u00a0\u00bb][et_pb_row _builder_version=\u00a0\u00bb4.10.8&Prime; _module_preset=\u00a0\u00bbdefault\u00a0\u00bb global_colors_info=\u00a0\u00bb{}\u00a0\u00bb][et_pb_column type=\u00a0\u00bb4_4&Prime; _builder_version=\u00a0\u00bb4.10.8&Prime; _module_preset=\u00a0\u00bbdefault\u00a0\u00bb global_colors_info=\u00a0\u00bb{}\u00a0\u00bb][et_pb_text _builder_version=\u00a0\u00bb4.11.2&Prime; _module_preset=\u00a0\u00bbdefault\u00a0\u00bb text_line_height=\u00a0\u00bb1.4em\u00a0\u00bb header_3_font=\u00a0\u00bb|700|||||||\u00a0\u00bb header_3_text_color=\u00a0\u00bb#0C71C3&Prime; global_colors_info=\u00a0\u00bb{}\u00a0\u00bb]<\/p>\n<h3 style=\"text-align: center;\">Frequently Asked Questions<\/h3>\n<ol>\n<li><strong> Where do I park the car?<br \/>\n<\/strong>Parking is available in the curling club parking lot access from 63 Churchill.<\/li>\n<li><strong> What is the format?<br \/>\n<\/strong>We are planning both an in-person event with live audience and a live-stream delivery via zoom and\/or facebook.<\/li>\n<li><strong>What if there are changes to the event?<br \/>\n<\/strong>The latest information will be posted on this page website and our <a href=\"https:\/\/www.facebook.com\/LAssociation-des-R\u00e9sidents-de-Baie-DUrf\u00e9-Citizens-Association-104312711810960\">Facebook page<\/a>.<\/li>\n<\/ol>\n<p>[\/et_pb_text][\/et_pb_column][\/et_pb_row][\/et_pb_section]<\/p>\n","protected":false},"excerpt":{"rendered":"<p>Venez rencontrer les candidats Issues and Candidates in the November 7th municipal election Candidats \u00e0 la mairie et au conseil municipal Jeudi 21 octobre 2021 19h30 \u2013 22h00 Centre communautaire Grange Rouge et en ligne20609 ch. Lakeshore, Baie-D\u2019Urfe\u0301 ORGANIS\u00c9 ET PR\u00c9SENT\u00c9 PAR Meet the Candidates Night is is an opportunity for voters to listen to [&hellip;]<\/p>\n","protected":false},"author":1,"featured_media":0,"parent":0,"menu_order":0,"comment_status":"closed","ping_status":"closed","template":"","meta":{"_et_pb_use_builder":"on","_et_pb_old_content":"<p>[et_pb_section fb_built=\"1\" admin_label=\"General blah blah blah\" _builder_version=\"4.11.2\" custom_margin=\"0px||50px||false|false\" global_colors_info=\"{}\"][et_pb_row admin_label=\"row\" _builder_version=\"3.25\" background_size=\"initial\" background_position=\"top_left\" background_repeat=\"repeat\" global_colors_info=\"{}\"][et_pb_column type=\"4_4\" _builder_version=\"3.25\" custom_padding=\"|||\" global_colors_info=\"{}\" custom_padding__hover=\"|||\"][et_pb_text _builder_version=\"4.10.8\" _module_preset=\"default\" global_colors_info=\"{}\"]<\/p><h2 style=\"text-align: center;\">Meet the Candidates Night<\/h2><div class=\"page\" title=\"Page 1\"><div class=\"section\"><div class=\"layoutArea\"><div class=\"column\"><h3 style=\"text-align: center;\">Issues and Candidates in the November 7th municipal election<\/h3><\/div><\/div><\/div><\/div><p>[\/et_pb_text][\/et_pb_column][\/et_pb_row][et_pb_row column_structure=\"1_4,3_4\" _builder_version=\"4.10.8\" _module_preset=\"default\" global_colors_info=\"{}\"][et_pb_column type=\"1_4\" _builder_version=\"4.10.8\" _module_preset=\"default\" global_colors_info=\"{}\"][et_pb_image src=\"https:\/\/baiedurfe.ca\/wp-content\/uploads\/2021\/09\/2021-elections-microphone.jpg\" title_text=\"2021-elections-microphone\" _builder_version=\"4.10.8\" _module_preset=\"default\" global_colors_info=\"{}\"][\/et_pb_image][\/et_pb_column][et_pb_column type=\"3_4\" _builder_version=\"4.10.8\" _module_preset=\"default\" global_colors_info=\"{}\"][et_pb_text _builder_version=\"4.11.2\" _module_preset=\"default\" global_colors_info=\"{}\"]<\/p><div class=\"page\" title=\"Page 1\"><div class=\"section\"><div class=\"layoutArea\"><div class=\"column\"><h3 style=\"text-align: center;\">Candidates for Mayor and Town Council<\/h3><h2 style=\"text-align: center;\"><span style=\"color: #800000;\">Thursday, October 21st 2021<\/span><\/h2><h2 style=\"text-align: center;\"><span style=\"color: #000080;\">7:30 \u2013 10:00 p.m.<\/span><\/h2><p style=\"text-align: center;\">Red Barn Community Centre<br \/>20609 ch. Lakeshore, Baie-D\u2019Urfe\u0301<\/p><p style=\"text-align: center;\">ORGANIZED & PRESENTED BY<\/p><p><img class=\"wp-image-2034 aligncenter\" src=\"https:\/\/baiedurfe.ca\/wp-content\/uploads\/2021\/04\/BDAC-Logo-text.png\" alt=\"\" width=\"337\" height=\"81\" \/><\/p><p style=\"text-align: center;\">Meet the Candidates Night is is an opportunity for voters to listen to and meet candidates for Mayor and Town Council in the upcoming elections of November 7<sup>th<\/sup>. \u00a0The event is organized in three parts:<\/p><p style=\"text-align: center;\"><strong>Part 1<\/strong>:\u00a0Each candidate will introduce themselves and present their platforms.<br \/><strong>Part 2<\/strong>:\u00a0Intermission, when audience questions will be collected<br \/><strong>Part 3<\/strong>:\u00a0Question and answer period<\/p><\/div><\/div><\/div><\/div><p>[\/et_pb_text][\/et_pb_column][\/et_pb_row][\/et_pb_section][et_pb_section fb_built=\"1\" admin_label=\"In Person Instructions\" _builder_version=\"4.11.2\" _module_preset=\"default\" custom_margin=\"0px||50px||false|false\" custom_padding=\"0px||0px||false|false\" top_divider_height=\"50px\" global_colors_info=\"{}\"][et_pb_row _builder_version=\"4.10.8\" _module_preset=\"default\" global_colors_info=\"{}\"][et_pb_column type=\"4_4\" _builder_version=\"4.10.8\" _module_preset=\"default\" global_colors_info=\"{}\"][et_pb_text admin_label=\"Title\" _builder_version=\"4.11.2\" _module_preset=\"default\" header_2_font=\"|700|||||||\" header_2_text_color=\"#0C71C3\" header_3_font=\"|700|||||||\" header_3_text_color=\"#0C71C3\" global_colors_info=\"{}\"]<\/p><h3 style=\"text-align: center;\">In-Person Audience<\/h3><p>[\/et_pb_text][et_pb_text _builder_version=\"4.11.2\" _module_preset=\"default\" text_line_height=\"1.4em\" ul_line_height=\"1.4em\" header_2_text_align=\"center\" hover_enabled=\"0\" global_colors_info=\"{}\" sticky_enabled=\"0\"]<\/p><p>Due to COVID-19 restrictions, the audience capacity is limited.\u00a0Please pre-reserve your seat so that we know who will be attending the event due to covid regulations.\u00a0To reserve a seat, please send your reservation via email to this address <a href=\"mailto:Reservations.bdcaarbd@gmail.com\">Reservations.bdcaarbd@gmail.com<\/a><\/p><p>Please provide the following in your email:<br \/>Your Name<br \/>Your address<br \/>Your phone number<br \/>Your email address<br \/>Number of seats requested<\/p><ul><li><em>Maximum 2 reservations per household<\/em><\/li><li><em>Only people with at least two covid vaccinations will be admitted.<\/em><\/li><li><em>COVID-19 passports will be checked at the door<\/em><em>\u00a0(digital and paper proof accepted).<\/em><\/li><li><em>Face masks mandatory, even while seated.<\/em><\/li><\/ul><p><strong>Anyone who does not comply with these regulations will be asked to leave. Zero tolerance for abuse of any kind.\u00a0Thank you for your cooperation.<\/strong><\/p><h3 style=\"text-align: center;\">How do I ask candidates a question?<\/h3><ul><li>Event programmes and question forms will be available at the door.<\/li><li>You can submit questions during the intermission.<\/li><\/ul><p>[\/et_pb_text][\/et_pb_column][\/et_pb_row][\/et_pb_section][et_pb_section fb_built=\"1\" admin_label=\"Online instructions\" _builder_version=\"4.11.2\" _module_preset=\"default\" custom_margin=\"0px||50px||false|false\" global_colors_info=\"{}\"][et_pb_row _builder_version=\"4.11.2\" _module_preset=\"default\" global_colors_info=\"{}\"][et_pb_column type=\"4_4\" _builder_version=\"4.11.2\" _module_preset=\"default\" global_colors_info=\"{}\"][et_pb_text _builder_version=\"4.11.2\" _module_preset=\"default\" header_3_font=\"|700|||||||\" header_3_text_color=\"#0C71C3\" global_colors_info=\"{}\"]<\/p><h3 style=\"text-align: center;\">How can I watch \u201cMeet the Candidates\u201d Night on the internet?<\/h3><p>[\/et_pb_text][\/et_pb_column][\/et_pb_row][et_pb_row column_structure=\"1_2,1_2\" _builder_version=\"4.11.2\" _module_preset=\"default\" global_colors_info=\"{}\"][et_pb_column type=\"1_2\" _builder_version=\"4.11.2\" _module_preset=\"default\" background_color=\"rgba(64,214,0,0.22)\" custom_padding=\"10px|10px|10px|10px|false|false\" global_colors_info=\"{}\"][et_pb_text _builder_version=\"4.11.2\" _module_preset=\"default\" text_line_height=\"1.4em\" global_colors_info=\"{}\"]<\/p><p><img class=\"wp-image-2964 size-full alignnone\" src=\"https:\/\/baiedurfe.ca\/wp-content\/uploads\/2021\/10\/facebook-logo.png\" alt=\"\" width=\"175\" height=\"60\" \/><\/p><p>Log on to the <a href=\"https:\/\/m.facebook.com\/events\/993595188158829\/\">Baie-D\u2019Urf\u00e9 Citizens\u2019 Association Facebook<\/a> page:<\/p><p>The page will open the event automatically.<\/p><ul><li>To ask questions, click on the \u201cchat\u201d button and send your question.<\/li><li>Please provide the name of the candidate and your name.<\/li><li>All questions will be collected during the intermission.<\/li><li>No questions will be collected after the intermission.<\/li><\/ul><p>[\/et_pb_text][\/et_pb_column][et_pb_column type=\"1_2\" _builder_version=\"4.11.2\" _module_preset=\"default\" background_color=\"rgba(249,158,0,0.21)\" custom_padding=\"10px|10px|10px|10px|false|false\" global_colors_info=\"{}\"][et_pb_text _builder_version=\"4.11.2\" _module_preset=\"default\" text_line_height=\"1.4em\" global_colors_info=\"{}\"]<\/p><p><strong><img class=\"wp-image-2969 alignnone size-full\" src=\"https:\/\/baiedurfe.ca\/wp-content\/uploads\/2021\/10\/zoom-logo.png\" alt=\"\" width=\"175\" height=\"60\" \/><\/strong><\/p><p>Click on this Zoom link to open the meeting (link will be posted shortly before the event):<\/p><p>To ask questions, click on the \u201cchat\u201d button and send your question.<\/p><p><strong>To find the chat button on your Smartphone:<\/strong><\/p><ul><li>Locate the \u201cmore\u201d drop down menu<\/li><li>In the drop down menu, Click on \u201cchat\u201d<\/li><li>Type your question<\/li><li>Please provide the name of the candidate and your name.<\/li><li>All questions will be collected during the intermission.<\/li><li>No questions will be collected after the intermission.<\/li><\/ul><p><strong>To find the chat button on your computer or tablet:<\/strong><\/p><ul><li>The chat button is located at the bottom of the screen.<\/li><li>Please provide the name of the candidate and your name.<\/li><li>All questions will be collected during the intermission.<\/li><li>No questions will be collected after the intermission.<\/li><\/ul><p><strong>How do I send a question to a candidate?<\/strong><\/p><ul><li>Send a question via Facebook.<\/li><li>Questions will be collected during the intermission.<\/li><\/ul><p>[\/et_pb_text][\/et_pb_column][\/et_pb_row][\/et_pb_section][et_pb_section fb_built=\"1\" admin_label=\"FAQ\" _builder_version=\"4.11.2\" _module_preset=\"default\" custom_margin=\"0px||50px||false|false\" global_colors_info=\"{}\"][et_pb_row _builder_version=\"4.10.8\" _module_preset=\"default\" global_colors_info=\"{}\"][et_pb_column type=\"4_4\" _builder_version=\"4.10.8\" _module_preset=\"default\" global_colors_info=\"{}\"][et_pb_text _builder_version=\"4.11.2\" _module_preset=\"default\" text_line_height=\"1.4em\" header_3_font=\"|700|||||||\" header_3_text_color=\"#0C71C3\" global_colors_info=\"{}\"]<\/p><h3 style=\"text-align: center;\">Frequently Asked Questions<\/h3><ol><li><strong> Where do I park the car?<br \/><\/strong>Parking is available in the curling club parking lot access from 63 Churchill.<\/li><li><strong> What is the format?<br \/><\/strong>We are planning both an in-person event with live audience and a live-stream delivery via zoom and\/or facebook.<\/li><li><strong>What if there are changes to the event?<br \/><\/strong>The latest information will be posted on this page website and our <a href=\"https:\/\/www.facebook.com\/LAssociation-des-R\u00e9sidents-de-Baie-DUrf\u00e9-Citizens-Association-104312711810960\">Facebook page<\/a>.<\/li><\/ol><p>[\/et_pb_text][\/et_pb_column][\/et_pb_row][\/et_pb_section]<\/p>","_et_gb_content_width":"","_monsterinsights_skip_tracking":false,"_monsterinsights_sitenote_active":false,"_monsterinsights_sitenote_note":"","_monsterinsights_sitenote_category":0,"footnotes":""},"class_list":["post-3007","page","type-page","status-publish","hentry"],"_links":{"self":[{"href":"https:\/\/baiedurfe.ca\/fr\/wp-json\/wp\/v2\/pages\/3007","targetHints":{"allow":["GET"]}}],"collection":[{"href":"https:\/\/baiedurfe.ca\/fr\/wp-json\/wp\/v2\/pages"}],"about":[{"href":"https:\/\/baiedurfe.ca\/fr\/wp-json\/wp\/v2\/types\/page"}],"author":[{"embeddable":true,"href":"https:\/\/baiedurfe.ca\/fr\/wp-json\/wp\/v2\/users\/1"}],"replies":[{"embeddable":true,"href":"https:\/\/baiedurfe.ca\/fr\/wp-json\/wp\/v2\/comments?post=3007"}],"version-history":[{"count":6,"href":"https:\/\/baiedurfe.ca\/fr\/wp-json\/wp\/v2\/pages\/3007\/revisions"}],"predecessor-version":[{"id":3025,"href":"https:\/\/baiedurfe.ca\/fr\/wp-json\/wp\/v2\/pages\/3007\/revisions\/3025"}],"wp:attachment":[{"href":"https:\/\/baiedurfe.ca\/fr\/wp-json\/wp\/v2\/media?parent=3007"}],"curies":[{"name":"wp","href":"https:\/\/api.w.org\/{rel}","templated":true}]}}