{"id":304,"date":"2019-01-29T03:23:16","date_gmt":"2019-01-29T03:23:16","guid":{"rendered":"https:\/\/baiedurfe.ca\/?page_id=304"},"modified":"2019-12-28T22:16:15","modified_gmt":"2019-12-28T22:16:15","slug":"evenements-a-venir","status":"publish","type":"page","link":"https:\/\/baiedurfe.ca\/fr\/evenements-a-venir\/","title":{"rendered":"\u00c9v\u00e8nements \u00e0 venir"},"content":{"rendered":"<p>[et_pb_section fb_built=\u00a0\u00bb1&Prime; admin_label=\u00a0\u00bbsection\u00a0\u00bb _builder_version=\u00a0\u00bb3.22&Prime;][et_pb_row admin_label=\u00a0\u00bbrow\u00a0\u00bb _builder_version=\u00a0\u00bb3.25&Prime; background_size=\u00a0\u00bbinitial\u00a0\u00bb background_position=\u00a0\u00bbtop_left\u00a0\u00bb background_repeat=\u00a0\u00bbrepeat\u00a0\u00bb][et_pb_column type=\u00a0\u00bb4_4&Prime; _builder_version=\u00a0\u00bb3.25&Prime; custom_padding=\u00a0\u00bb|||\u00a0\u00bb custom_padding__hover=\u00a0\u00bb|||\u00a0\u00bb][et_pb_code _builder_version=\u00a0\u00bb4.0.9&Prime; hover_enabled=\u00a0\u00bb0&Prime;]<div id=\"eo_fullcalendar_1_loading\" class=\"eo-fullcalendar-loading\" ><img decoding=\"async\" src=\"https:\/\/baiedurfe.ca\/wp-content\/plugins\/event-organiser\/css\/images\/loading-image.gif\" class=\"eo-fullcalendar-loading-icon\" alt=\"Chargement&#8230;\" \/> Chargement&#8230;<\/div><div class=\"eo-fullcalendar eo-fullcalendar-shortcode eo-fullcalendar-reset eo-fullcalendar-responsive\" id=\"eo_fullcalendar_1\"><\/div><!-- [et_pb_line_break_holder] --><pee><!-- [et_pb_line_break_holder] --><\/p>\n<div style=\"float:left;margin-right:1em;\">\n<div style=\"background:#3a87ad;height:24px;width:24px;float:left;margin-right:10px;\"><\/div>\n<p> Activit\u00e9s<\/p><\/div>\n<p><!-- [et_pb_line_break_holder] --><\/p>\n<div style=\"float:left;margin-right:1em;\">\n<div style=\"background:#b50328;height:24px;width:24px;float:left;margin-right:10px;\"><\/div>\n<p> Rencontre<\/p><\/div>\n<p><!-- [et_pb_line_break_holder] --><\/p>\n<div style=\"float:left;margin-right:1em;\">\n<div style=\"background:#007b07;height:24px;width:24px;float:left;margin-right:10px;\"><\/div>\n<p> \u00c9v\u00e8nements<\/p><\/div>\n<p><!-- [et_pb_line_break_holder] --><\/pee>[\/et_pb_code][\/et_pb_column][\/et_pb_row][\/et_pb_section]<\/p>\n","protected":false},"excerpt":{"rendered":"<p><div id=\"eo_fullcalendar_2_loading\" class=\"eo-fullcalendar-loading\" ><img decoding=\"async\" src=\"https:\/\/baiedurfe.ca\/wp-content\/plugins\/event-organiser\/css\/images\/loading-image.gif\" class=\"eo-fullcalendar-loading-icon\" alt=\"Chargement&#8230;\" \/> Chargement&#8230;<\/div><div class=\"eo-fullcalendar eo-fullcalendar-shortcode eo-fullcalendar-reset eo-fullcalendar-responsive\" id=\"eo_fullcalendar_2\"><\/div> Activit\u00e9s Rencontre \u00c9v\u00e8nements<\/p>\n","protected":false},"author":1,"featured_media":0,"parent":0,"menu_order":0,"comment_status":"closed","ping_status":"closed","template":"","meta":{"_et_pb_use_builder":"on","_et_pb_old_content":"<!-- wp:paragraph -->\r\n<p>The Baie-d\u2019Urf\u00e9 Citizen\u2019s Association gave birth to many groups and events. Mary Coulter Burnaby shared her reminiscences of life then in the publication \u201cBaie d\u2019Urfe 1686-1986\u201d:<\/p>\r\n<!-- \/wp:paragraph -->\r\n\r\n<!-- wp:paragraph -->\r\n<p><em>\u201cThe very first Baie d\u2019Urfe Day\u201d (July 19<\/em><sup><em>th<\/em><\/sup><em>,1947)\u201d was a gala event, winding up with a dance under the stars on the lawn back of the Town Hall. There was the inevitable raffle to help defray expenses.\u201d<\/em><\/p>\r\n<!-- \/wp:paragraph -->\r\n\r\n<!-- wp:paragraph -->\r\n<p><em>\u201cJoyce Hartnell, who was a long-time and very creative resident, organized and was chief executor of an admirable puppet theatre and her elderly father and members of the troupe created the puppets and props and designed and sewed costumes. Joyce wrote most of the skits.\u201d<\/em><\/p>\r\n<!-- \/wp:paragraph -->\r\n\r\n<!-- wp:paragraph -->\r\n<p><em>\"There was also an egg throwing contest which was a real big thing for Baie d\u2019Urfe Day. Eggs even ended up in the ladies dresses\u2026 which resulted in laughter and mad looks on the ladies who received such a treat\u2026\u201d<\/em><\/p>\r\n<!-- \/wp:paragraph -->\r\n\r\n<!-- wp:paragraph -->\r\n<p><em>\"Square dancing, Kentucky style, by Ermon Fay Duschenes became quite the thing for adults in Baie-d\u2019Urf\u00e9.\"<\/em><\/p>\r\n<!-- \/wp:paragraph -->\r\n\r\n<!-- wp:paragraph -->\r\n<p>Rose Nairn recalls the dancing during the Baie d\u2019Urfe Day:<\/p>\r\n<!-- \/wp:paragraph -->\r\n\r\n<!-- wp:paragraph -->\r\n<p>\"In the evening we had the dance on the lawn. A big tarpaulin was pegged down for our dance floor and we had the trees all decorated with lovely lighting arrangements and lanterns. It was very lovely when I look back on it.\u201d<\/p>\r\n<!-- \/wp:paragraph -->\r\n\r\n<!-- wp:paragraph -->\r\n<p>Here is our upcoming calendar of events:<\/p>\r\n<!-- \/wp:paragraph -->\r\n\r\n<!-- wp:paragraph -->\r\n<p><\/p>\r\n<!-- \/wp:paragraph -->\r\n\r\n<!-- wp:shortcode -->\r\n[eo_fullcalendar headerCenter=\"month, basicWeek\"]\r\n<!-- \/wp:shortcode -->","_et_gb_content_width":"","_monsterinsights_skip_tracking":false,"_monsterinsights_sitenote_active":false,"_monsterinsights_sitenote_note":"","_monsterinsights_sitenote_category":0,"footnotes":""},"class_list":["post-304","page","type-page","status-publish","hentry"],"_links":{"self":[{"href":"https:\/\/baiedurfe.ca\/fr\/wp-json\/wp\/v2\/pages\/304","targetHints":{"allow":["GET"]}}],"collection":[{"href":"https:\/\/baiedurfe.ca\/fr\/wp-json\/wp\/v2\/pages"}],"about":[{"href":"https:\/\/baiedurfe.ca\/fr\/wp-json\/wp\/v2\/types\/page"}],"author":[{"embeddable":true,"href":"https:\/\/baiedurfe.ca\/fr\/wp-json\/wp\/v2\/users\/1"}],"replies":[{"embeddable":true,"href":"https:\/\/baiedurfe.ca\/fr\/wp-json\/wp\/v2\/comments?post=304"}],"version-history":[{"count":24,"href":"https:\/\/baiedurfe.ca\/fr\/wp-json\/wp\/v2\/pages\/304\/revisions"}],"predecessor-version":[{"id":1206,"href":"https:\/\/baiedurfe.ca\/fr\/wp-json\/wp\/v2\/pages\/304\/revisions\/1206"}],"wp:attachment":[{"href":"https:\/\/baiedurfe.ca\/fr\/wp-json\/wp\/v2\/media?parent=304"}],"curies":[{"name":"wp","href":"https:\/\/api.w.org\/{rel}","templated":true}]}}